{"id":1562,"date":"2022-12-16T18:22:07","date_gmt":"2022-12-16T17:22:07","guid":{"rendered":"https:\/\/lm-arc-trad.fr\/?page_id=1562"},"modified":"2025-07-19T10:46:32","modified_gmt":"2025-07-19T08:46:32","slug":"fleches-pour-enfants","status":"publish","type":"page","link":"https:\/\/lm-arc-trad.fr\/?page_id=1562","title":{"rendered":"FLECHES POUR ENFANTS"},"content":{"rendered":"\n<p>Les fl\u00e8ches pour enfants sont parfaitement adapt\u00e9es pour les arcs fabriqu\u00e9s par LM NATURE ET BOIS.<\/p>\n\n\n\n<p>Elles sont fabriqu\u00e9es avec les m\u00eames f\u00fbts que les fl\u00e8ches pour les grands. Elles ont une encoche en plastique et embout blunt !<\/p>\n\n\n\n<p>Il est possible de mettre une pointe d&rsquo;initiation \u00e0 la place de l&#8217;embout blunt, sur demande et en fonction des disponibilit\u00e9s.<\/p>\n\n\n\n<p>Plusieurs couleurs disponibles !<\/p>\n\n\n\n<p>La fl\u00e8che taill\u00e9e \u00e0 22 pouces: 10,50 \u20ac.<\/p>\n\n\n\n<p><strong><em>F\u00fbt en pin<\/em><\/strong><em> fabriqu\u00e9 exclusivement en bois de pin de haute qualit\u00e9,<\/em><em> produit \u00e0 partir de pin allemand dont les conditions de croissance ont permis d&rsquo;obtenir un grain fin. Roul\u00e9 de multiples fois pour obtenir un f\u00fbt le plus concentrique possible. Les f\u00fbts provenant d&rsquo;une m\u00eame bille de bois sont gard\u00e9s ensemble tout au long du process de production, ce qui am\u00e9liore l&rsquo;homog\u00e9n\u00e9it\u00e9 (poids et spine) des f\u00fbts. Pour un impact plus faible sur l&rsquo;environnement, l&rsquo;usinage se fait dans une zone g\u00e9ographiquement proche de la zone de croissance des pins.<\/em><em><br><\/em><em>Chaque f\u00fbt subit 3 tests de qualit\u00e9 diff\u00e9rents&nbsp;au cours du processus de fabrication&nbsp;:<\/em><\/p>\n\n\n\n<p><em>1. Sans n\u0153uds ni adh\u00e9rences. (L\u2019exp\u00e9rience joue un r\u00f4le important ici, ainsi qu\u2019un \u0153il exerc\u00e9.)<\/em><\/p>\n\n\n\n<p><em>2. Rectitude (pas de f\u00fbt tordu)<\/em><\/p>\n\n\n\n<p><em>3. Surface et forme&nbsp;: La surface lisse ponc\u00e9e est standard. (Les mesures sont align\u00e9es sur les pointes du leader du march\u00e9 TopHat.)<\/em><\/p>\n\n\n\n<figure class=\"wp-block-image size-large\"><img loading=\"lazy\" decoding=\"async\" width=\"768\" height=\"1024\" src=\"https:\/\/lm-arc-trad.fr\/wp-content\/uploads\/2022\/12\/CD501C9B-B8FD-4619-A366-EA2DA9B1F55F-768x1024.jpeg\" alt=\"\" class=\"wp-image-1573\" srcset=\"https:\/\/lm-arc-trad.fr\/wp-content\/uploads\/2022\/12\/CD501C9B-B8FD-4619-A366-EA2DA9B1F55F-768x1024.jpeg 768w, https:\/\/lm-arc-trad.fr\/wp-content\/uploads\/2022\/12\/CD501C9B-B8FD-4619-A366-EA2DA9B1F55F-225x300.jpeg 225w, https:\/\/lm-arc-trad.fr\/wp-content\/uploads\/2022\/12\/CD501C9B-B8FD-4619-A366-EA2DA9B1F55F-1152x1536.jpeg 1152w, https:\/\/lm-arc-trad.fr\/wp-content\/uploads\/2022\/12\/CD501C9B-B8FD-4619-A366-EA2DA9B1F55F-1536x2048.jpeg 1536w, https:\/\/lm-arc-trad.fr\/wp-content\/uploads\/2022\/12\/CD501C9B-B8FD-4619-A366-EA2DA9B1F55F-45x60.jpeg 45w, https:\/\/lm-arc-trad.fr\/wp-content\/uploads\/2022\/12\/CD501C9B-B8FD-4619-A366-EA2DA9B1F55F-scaled.jpeg 1920w\" sizes=\"auto, (max-width: 768px) 100vw, 768px\" \/><\/figure>\n\n\n\n<figure class=\"wp-block-image size-large\"><img loading=\"lazy\" decoding=\"async\" width=\"768\" height=\"1024\" src=\"https:\/\/lm-arc-trad.fr\/wp-content\/uploads\/2022\/12\/A7752EE2-569F-4377-BF4E-A0AF418C14C2-768x1024.jpeg\" alt=\"\" class=\"wp-image-1574\" srcset=\"https:\/\/lm-arc-trad.fr\/wp-content\/uploads\/2022\/12\/A7752EE2-569F-4377-BF4E-A0AF418C14C2-768x1024.jpeg 768w, https:\/\/lm-arc-trad.fr\/wp-content\/uploads\/2022\/12\/A7752EE2-569F-4377-BF4E-A0AF418C14C2-225x300.jpeg 225w, https:\/\/lm-arc-trad.fr\/wp-content\/uploads\/2022\/12\/A7752EE2-569F-4377-BF4E-A0AF418C14C2-1152x1536.jpeg 1152w, https:\/\/lm-arc-trad.fr\/wp-content\/uploads\/2022\/12\/A7752EE2-569F-4377-BF4E-A0AF418C14C2-1536x2048.jpeg 1536w, https:\/\/lm-arc-trad.fr\/wp-content\/uploads\/2022\/12\/A7752EE2-569F-4377-BF4E-A0AF418C14C2-45x60.jpeg 45w, https:\/\/lm-arc-trad.fr\/wp-content\/uploads\/2022\/12\/A7752EE2-569F-4377-BF4E-A0AF418C14C2-scaled.jpeg 1920w\" sizes=\"auto, (max-width: 768px) 100vw, 768px\" \/><\/figure>\n\n\n\n<figure class=\"wp-block-image size-large\"><img loading=\"lazy\" decoding=\"async\" width=\"768\" height=\"1024\" src=\"https:\/\/lm-arc-trad.fr\/wp-content\/uploads\/2022\/12\/843E5B6F-6721-41EE-A5EF-A636F098C208-768x1024.jpeg\" alt=\"\" class=\"wp-image-1576\" srcset=\"https:\/\/lm-arc-trad.fr\/wp-content\/uploads\/2022\/12\/843E5B6F-6721-41EE-A5EF-A636F098C208-768x1024.jpeg 768w, https:\/\/lm-arc-trad.fr\/wp-content\/uploads\/2022\/12\/843E5B6F-6721-41EE-A5EF-A636F098C208-225x300.jpeg 225w, https:\/\/lm-arc-trad.fr\/wp-content\/uploads\/2022\/12\/843E5B6F-6721-41EE-A5EF-A636F098C208-1152x1536.jpeg 1152w, https:\/\/lm-arc-trad.fr\/wp-content\/uploads\/2022\/12\/843E5B6F-6721-41EE-A5EF-A636F098C208-1536x2048.jpeg 1536w, https:\/\/lm-arc-trad.fr\/wp-content\/uploads\/2022\/12\/843E5B6F-6721-41EE-A5EF-A636F098C208-45x60.jpeg 45w, https:\/\/lm-arc-trad.fr\/wp-content\/uploads\/2022\/12\/843E5B6F-6721-41EE-A5EF-A636F098C208-scaled.jpeg 1920w\" sizes=\"auto, (max-width: 768px) 100vw, 768px\" \/><\/figure>\n\n\n\n<figure class=\"wp-block-image size-large\"><img loading=\"lazy\" decoding=\"async\" width=\"768\" height=\"1024\" src=\"https:\/\/lm-arc-trad.fr\/wp-content\/uploads\/2022\/12\/5FCF5E87-62B9-4C33-A570-F6508A60E996-768x1024.jpeg\" alt=\"\" class=\"wp-image-1577\" srcset=\"https:\/\/lm-arc-trad.fr\/wp-content\/uploads\/2022\/12\/5FCF5E87-62B9-4C33-A570-F6508A60E996-768x1024.jpeg 768w, https:\/\/lm-arc-trad.fr\/wp-content\/uploads\/2022\/12\/5FCF5E87-62B9-4C33-A570-F6508A60E996-225x300.jpeg 225w, https:\/\/lm-arc-trad.fr\/wp-content\/uploads\/2022\/12\/5FCF5E87-62B9-4C33-A570-F6508A60E996-1152x1536.jpeg 1152w, https:\/\/lm-arc-trad.fr\/wp-content\/uploads\/2022\/12\/5FCF5E87-62B9-4C33-A570-F6508A60E996-1536x2048.jpeg 1536w, https:\/\/lm-arc-trad.fr\/wp-content\/uploads\/2022\/12\/5FCF5E87-62B9-4C33-A570-F6508A60E996-45x60.jpeg 45w, https:\/\/lm-arc-trad.fr\/wp-content\/uploads\/2022\/12\/5FCF5E87-62B9-4C33-A570-F6508A60E996-scaled.jpeg 1920w\" sizes=\"auto, (max-width: 768px) 100vw, 768px\" \/><\/figure>\n","protected":false},"excerpt":{"rendered":"<p>Les fl\u00e8ches pour enfants sont parfaitement adapt\u00e9es pour les arcs fabriqu\u00e9s par LM NATURE ET BOIS. Elles sont fabriqu\u00e9es avec les m\u00eames f\u00fbts que les fl\u00e8ches pour les grands. Elles ont une encoche en plastique et embout blunt ! Il est possible de mettre une pointe d&rsquo;initiation \u00e0 la place de l&#8217;embout blunt, sur demande &hellip; <\/p>\n","protected":false},"author":1,"featured_media":0,"parent":0,"menu_order":0,"comment_status":"closed","ping_status":"closed","template":"","meta":{"footnotes":""},"class_list":["post-1562","page","type-page","status-publish","hentry"],"_links":{"self":[{"href":"https:\/\/lm-arc-trad.fr\/index.php?rest_route=\/wp\/v2\/pages\/1562","targetHints":{"allow":["GET"]}}],"collection":[{"href":"https:\/\/lm-arc-trad.fr\/index.php?rest_route=\/wp\/v2\/pages"}],"about":[{"href":"https:\/\/lm-arc-trad.fr\/index.php?rest_route=\/wp\/v2\/types\/page"}],"author":[{"embeddable":true,"href":"https:\/\/lm-arc-trad.fr\/index.php?rest_route=\/wp\/v2\/users\/1"}],"replies":[{"embeddable":true,"href":"https:\/\/lm-arc-trad.fr\/index.php?rest_route=%2Fwp%2Fv2%2Fcomments&post=1562"}],"version-history":[{"count":7,"href":"https:\/\/lm-arc-trad.fr\/index.php?rest_route=\/wp\/v2\/pages\/1562\/revisions"}],"predecessor-version":[{"id":1878,"href":"https:\/\/lm-arc-trad.fr\/index.php?rest_route=\/wp\/v2\/pages\/1562\/revisions\/1878"}],"wp:attachment":[{"href":"https:\/\/lm-arc-trad.fr\/index.php?rest_route=%2Fwp%2Fv2%2Fmedia&parent=1562"}],"curies":[{"name":"wp","href":"https:\/\/api.w.org\/{rel}","templated":true}]}}