{"id":44,"date":"2020-08-01T21:35:13","date_gmt":"2020-08-01T19:35:13","guid":{"rendered":"http:\/\/lm-arc-trad.fr\/?page_id=44"},"modified":"2020-10-09T18:04:44","modified_gmt":"2020-10-09T16:04:44","slug":"arcs","status":"publish","type":"page","link":"https:\/\/lm-arc-trad.fr\/?page_id=44","title":{"rendered":"ARCS"},"content":{"rendered":"\n<p>Les arcs LM NATURE ET BOIS sont fabriqu\u00e9s sur mesure, \u00e0 la taille et la puissance de l&rsquo; archer. <\/p>\n\n\n\n<p>Laurent Messiasse, facteur d&rsquo;arcs et de fl\u00e8ches, utilise principalement du bois de fr\u00eane, d &lsquo;orme, d&rsquo;ip\u00e9, d&rsquo;if&#8230;du bambou, et de la fibre de verre pour les Horsebows. <\/p>\n\n\n\n<p>Chaque pi\u00e8ce est unique.<\/p>\n\n\n\n<h2 class=\"wp-block-heading\">HORSEBOWS<\/h2>\n\n\n\n<ul class=\"wp-block-gallery columns-3 is-cropped wp-block-gallery-1 is-layout-flex wp-block-gallery-is-layout-flex\"><li class=\"blocks-gallery-item\"><figure><img loading=\"lazy\" decoding=\"async\" width=\"768\" height=\"1024\" src=\"http:\/\/lm-arc-trad.fr\/wp-content\/uploads\/2020\/08\/Resized_20200326_103314-768x1024.jpg\" alt=\"arc horsebow en bois et fibre de verre, habill\u00e9 de cuir marron , et fl\u00e8ches m\u00e9di\u00e9vales jaunes et noires. Fabrication sur mesure.\" data-id=\"80\" class=\"wp-image-80\" srcset=\"https:\/\/lm-arc-trad.fr\/wp-content\/uploads\/2020\/08\/Resized_20200326_103314-768x1024.jpg 768w, https:\/\/lm-arc-trad.fr\/wp-content\/uploads\/2020\/08\/Resized_20200326_103314-225x300.jpg 225w, https:\/\/lm-arc-trad.fr\/wp-content\/uploads\/2020\/08\/Resized_20200326_103314.jpg 1080w\" sizes=\"auto, (max-width: 768px) 100vw, 768px\" \/><figcaption>Le horsebow est fabriqu\u00e9 sur mesure. C&rsquo;est un arc court d&rsquo;inspiration Mongole, Hongrois, adapt\u00e9 pour le tir \u00e0 l&rsquo;arc \u00e9questre.<\/figcaption><\/figure><\/li><li class=\"blocks-gallery-item\"><figure><img loading=\"lazy\" decoding=\"async\" width=\"768\" height=\"1024\" src=\"https:\/\/lm-arc-trad.fr\/wp-content\/uploads\/2020\/10\/FB_IMG_1602252199223-768x1024.jpg\" alt=\"\" data-id=\"291\" data-link=\"https:\/\/lm-arc-trad.fr\/?attachment_id=291\" class=\"wp-image-291\" srcset=\"https:\/\/lm-arc-trad.fr\/wp-content\/uploads\/2020\/10\/FB_IMG_1602252199223-768x1024.jpg 768w, https:\/\/lm-arc-trad.fr\/wp-content\/uploads\/2020\/10\/FB_IMG_1602252199223-225x300.jpg 225w, https:\/\/lm-arc-trad.fr\/wp-content\/uploads\/2020\/10\/FB_IMG_1602252199223-45x60.jpg 45w, https:\/\/lm-arc-trad.fr\/wp-content\/uploads\/2020\/10\/FB_IMG_1602252199223.jpg 1080w\" sizes=\"auto, (max-width: 768px) 100vw, 768px\" \/><figcaption>Horse bow fabriqu\u00e9 par Laurent Messiasse <\/figcaption><\/figure><\/li><li class=\"blocks-gallery-item\"><figure><img loading=\"lazy\" decoding=\"async\" width=\"1024\" height=\"768\" src=\"https:\/\/lm-arc-trad.fr\/wp-content\/uploads\/2020\/10\/Horsebow-2-1024x768.jpg\" alt=\"\" data-id=\"314\" data-link=\"https:\/\/lm-arc-trad.fr\/?attachment_id=314\" class=\"wp-image-314\" srcset=\"https:\/\/lm-arc-trad.fr\/wp-content\/uploads\/2020\/10\/Horsebow-2-1024x768.jpg 1024w, https:\/\/lm-arc-trad.fr\/wp-content\/uploads\/2020\/10\/Horsebow-2-300x225.jpg 300w, https:\/\/lm-arc-trad.fr\/wp-content\/uploads\/2020\/10\/Horsebow-2-768x576.jpg 768w, https:\/\/lm-arc-trad.fr\/wp-content\/uploads\/2020\/10\/Horsebow-2-80x60.jpg 80w, https:\/\/lm-arc-trad.fr\/wp-content\/uploads\/2020\/10\/Horsebow-2.jpg 1295w\" sizes=\"auto, (max-width: 1024px) 100vw, 1024px\" \/><figcaption>Horsebow en fibre de verre <\/figcaption><\/figure><\/li><li class=\"blocks-gallery-item\"><figure><img loading=\"lazy\" decoding=\"async\" width=\"768\" height=\"1024\" src=\"https:\/\/lm-arc-trad.fr\/wp-content\/uploads\/2020\/10\/Horsebow--768x1024.jpg\" alt=\"\" data-id=\"315\" data-link=\"https:\/\/lm-arc-trad.fr\/?attachment_id=315\" class=\"wp-image-315\" srcset=\"https:\/\/lm-arc-trad.fr\/wp-content\/uploads\/2020\/10\/Horsebow--768x1024.jpg 768w, https:\/\/lm-arc-trad.fr\/wp-content\/uploads\/2020\/10\/Horsebow--225x300.jpg 225w, https:\/\/lm-arc-trad.fr\/wp-content\/uploads\/2020\/10\/Horsebow--45x60.jpg 45w, https:\/\/lm-arc-trad.fr\/wp-content\/uploads\/2020\/10\/Horsebow-.jpg 971w\" sizes=\"auto, (max-width: 768px) 100vw, 768px\" \/><figcaption>Horsebow LM,NATURE ET BOIS <\/figcaption><\/figure><\/li><li class=\"blocks-gallery-item\"><figure><img loading=\"lazy\" decoding=\"async\" width=\"768\" height=\"1024\" src=\"https:\/\/lm-arc-trad.fr\/wp-content\/uploads\/2020\/10\/Horsebow-debande--768x1024.jpg\" alt=\"\" data-id=\"316\" data-link=\"https:\/\/lm-arc-trad.fr\/?attachment_id=316\" class=\"wp-image-316\" srcset=\"https:\/\/lm-arc-trad.fr\/wp-content\/uploads\/2020\/10\/Horsebow-debande--768x1024.jpg 768w, https:\/\/lm-arc-trad.fr\/wp-content\/uploads\/2020\/10\/Horsebow-debande--225x300.jpg 225w, https:\/\/lm-arc-trad.fr\/wp-content\/uploads\/2020\/10\/Horsebow-debande--45x60.jpg 45w, https:\/\/lm-arc-trad.fr\/wp-content\/uploads\/2020\/10\/Horsebow-debande-.jpg 971w\" sizes=\"auto, (max-width: 768px) 100vw, 768px\" \/><figcaption>Horsebow d\u00e9band\u00e9, en fibre de verre recouvert de cuir, et bois de h\u00eatre.<\/figcaption><\/figure><\/li><\/ul>\n\n\n\n<h2 class=\"wp-block-heading\">LE BAMBOU IPE <\/h2>\n\n\n\n<h2 class=\"wp-block-heading\">LE YULE<\/h2>\n\n\n\n<ul class=\"wp-block-gallery columns-3 is-cropped wp-block-gallery-2 is-layout-flex wp-block-gallery-is-layout-flex\"><li class=\"blocks-gallery-item\"><figure><img loading=\"lazy\" decoding=\"async\" width=\"768\" height=\"1024\" src=\"https:\/\/lm-arc-trad.fr\/wp-content\/uploads\/2020\/08\/Resized_20200312_171256-2-768x1024.jpg\" alt=\"arc\" data-id=\"262\" class=\"wp-image-262\" srcset=\"https:\/\/lm-arc-trad.fr\/wp-content\/uploads\/2020\/08\/Resized_20200312_171256-2-768x1024.jpg 768w, https:\/\/lm-arc-trad.fr\/wp-content\/uploads\/2020\/08\/Resized_20200312_171256-2-225x300.jpg 225w, https:\/\/lm-arc-trad.fr\/wp-content\/uploads\/2020\/08\/Resized_20200312_171256-2-45x60.jpg 45w, https:\/\/lm-arc-trad.fr\/wp-content\/uploads\/2020\/08\/Resized_20200312_171256-2.jpg 1080w\" sizes=\"auto, (max-width: 768px) 100vw, 768px\" \/><figcaption>Arc Yule de LM NATURE ET BOIS <\/figcaption><\/figure><\/li><li class=\"blocks-gallery-item\"><figure><img loading=\"lazy\" decoding=\"async\" width=\"960\" height=\"720\" src=\"https:\/\/lm-arc-trad.fr\/wp-content\/uploads\/2020\/10\/FB_IMG_1602252388027.jpg\" alt=\"\" data-id=\"321\" data-link=\"https:\/\/lm-arc-trad.fr\/?attachment_id=321\" class=\"wp-image-321\" srcset=\"https:\/\/lm-arc-trad.fr\/wp-content\/uploads\/2020\/10\/FB_IMG_1602252388027.jpg 960w, https:\/\/lm-arc-trad.fr\/wp-content\/uploads\/2020\/10\/FB_IMG_1602252388027-300x225.jpg 300w, https:\/\/lm-arc-trad.fr\/wp-content\/uploads\/2020\/10\/FB_IMG_1602252388027-768x576.jpg 768w, https:\/\/lm-arc-trad.fr\/wp-content\/uploads\/2020\/10\/FB_IMG_1602252388027-80x60.jpg 80w\" sizes=\"auto, (max-width: 960px) 100vw, 960px\" \/><figcaption>Arc Yule avec poign\u00e9e en cuir<\/figcaption><\/figure><\/li><li class=\"blocks-gallery-item\"><figure><img loading=\"lazy\" decoding=\"async\" width=\"720\" height=\"960\" src=\"https:\/\/lm-arc-trad.fr\/wp-content\/uploads\/2020\/10\/FB_IMG_1602252382115.jpg\" alt=\"\" data-id=\"322\" data-link=\"https:\/\/lm-arc-trad.fr\/?attachment_id=322\" class=\"wp-image-322\" srcset=\"https:\/\/lm-arc-trad.fr\/wp-content\/uploads\/2020\/10\/FB_IMG_1602252382115.jpg 720w, https:\/\/lm-arc-trad.fr\/wp-content\/uploads\/2020\/10\/FB_IMG_1602252382115-225x300.jpg 225w, https:\/\/lm-arc-trad.fr\/wp-content\/uploads\/2020\/10\/FB_IMG_1602252382115-45x60.jpg 45w\" sizes=\"auto, (max-width: 720px) 100vw, 720px\" \/><figcaption>Arc Yule <\/figcaption><\/figure><\/li><li class=\"blocks-gallery-item\"><figure><img loading=\"lazy\" decoding=\"async\" width=\"720\" height=\"960\" src=\"https:\/\/lm-arc-trad.fr\/wp-content\/uploads\/2020\/10\/FB_IMG_1602252374957.jpg\" alt=\"\" data-id=\"325\" data-link=\"https:\/\/lm-arc-trad.fr\/?attachment_id=325\" class=\"wp-image-325\" srcset=\"https:\/\/lm-arc-trad.fr\/wp-content\/uploads\/2020\/10\/FB_IMG_1602252374957.jpg 720w, https:\/\/lm-arc-trad.fr\/wp-content\/uploads\/2020\/10\/FB_IMG_1602252374957-225x300.jpg 225w, https:\/\/lm-arc-trad.fr\/wp-content\/uploads\/2020\/10\/FB_IMG_1602252374957-45x60.jpg 45w\" sizes=\"auto, (max-width: 720px) 100vw, 720px\" \/><figcaption>Arc Yule<\/figcaption><\/figure><\/li><\/ul>\n\n\n\n<h2 class=\"wp-block-heading\">ARCS ANGLAIS<\/h2>\n\n\n\n<ul class=\"wp-block-gallery aligncenter columns-3 is-cropped wp-block-gallery-3 is-layout-flex wp-block-gallery-is-layout-flex\"><li class=\"blocks-gallery-item\"><figure><img loading=\"lazy\" decoding=\"async\" width=\"720\" height=\"960\" src=\"https:\/\/lm-arc-trad.fr\/wp-content\/uploads\/2020\/10\/FB_IMG_1602252257263.jpg\" alt=\"\" data-id=\"294\" class=\"wp-image-294\" srcset=\"https:\/\/lm-arc-trad.fr\/wp-content\/uploads\/2020\/10\/FB_IMG_1602252257263.jpg 720w, https:\/\/lm-arc-trad.fr\/wp-content\/uploads\/2020\/10\/FB_IMG_1602252257263-225x300.jpg 225w, https:\/\/lm-arc-trad.fr\/wp-content\/uploads\/2020\/10\/FB_IMG_1602252257263-45x60.jpg 45w\" sizes=\"auto, (max-width: 720px) 100vw, 720px\" \/><figcaption>Longbow Anglais en bois de fr\u00eane <\/figcaption><\/figure><\/li><li class=\"blocks-gallery-item\"><figure><img loading=\"lazy\" decoding=\"async\" width=\"720\" height=\"960\" src=\"https:\/\/lm-arc-trad.fr\/wp-content\/uploads\/2020\/10\/FB_IMG_1602252265536.jpg\" alt=\"\" data-id=\"295\" data-link=\"https:\/\/lm-arc-trad.fr\/?attachment_id=295\" class=\"wp-image-295\" srcset=\"https:\/\/lm-arc-trad.fr\/wp-content\/uploads\/2020\/10\/FB_IMG_1602252265536.jpg 720w, https:\/\/lm-arc-trad.fr\/wp-content\/uploads\/2020\/10\/FB_IMG_1602252265536-225x300.jpg 225w, https:\/\/lm-arc-trad.fr\/wp-content\/uploads\/2020\/10\/FB_IMG_1602252265536-45x60.jpg 45w\" sizes=\"auto, (max-width: 720px) 100vw, 720px\" \/><figcaption>Longbow Anglais fabriqu\u00e9 par LM,NATURE ET BOIS<\/figcaption><\/figure><\/li><li class=\"blocks-gallery-item\"><figure><img loading=\"lazy\" decoding=\"async\" width=\"720\" height=\"960\" src=\"https:\/\/lm-arc-trad.fr\/wp-content\/uploads\/2020\/10\/FB_IMG_1602252272654.jpg\" alt=\"\" data-id=\"296\" data-link=\"https:\/\/lm-arc-trad.fr\/?attachment_id=296\" class=\"wp-image-296\" srcset=\"https:\/\/lm-arc-trad.fr\/wp-content\/uploads\/2020\/10\/FB_IMG_1602252272654.jpg 720w, https:\/\/lm-arc-trad.fr\/wp-content\/uploads\/2020\/10\/FB_IMG_1602252272654-225x300.jpg 225w, https:\/\/lm-arc-trad.fr\/wp-content\/uploads\/2020\/10\/FB_IMG_1602252272654-45x60.jpg 45w\" sizes=\"auto, (max-width: 720px) 100vw, 720px\" \/><figcaption>Poup\u00e9e en corne de buffle noire <\/figcaption><\/figure><\/li><li class=\"blocks-gallery-item\"><figure><img loading=\"lazy\" decoding=\"async\" width=\"720\" height=\"960\" src=\"https:\/\/lm-arc-trad.fr\/wp-content\/uploads\/2020\/10\/FB_IMG_1602252280329.jpg\" alt=\"\" data-id=\"297\" data-link=\"https:\/\/lm-arc-trad.fr\/?attachment_id=297\" class=\"wp-image-297\" srcset=\"https:\/\/lm-arc-trad.fr\/wp-content\/uploads\/2020\/10\/FB_IMG_1602252280329.jpg 720w, https:\/\/lm-arc-trad.fr\/wp-content\/uploads\/2020\/10\/FB_IMG_1602252280329-225x300.jpg 225w, https:\/\/lm-arc-trad.fr\/wp-content\/uploads\/2020\/10\/FB_IMG_1602252280329-45x60.jpg 45w\" sizes=\"auto, (max-width: 720px) 100vw, 720px\" \/><figcaption>Longbow Anglais en bois de fr\u00eane et poup\u00e9es en corne de buffle noire.<\/figcaption><\/figure><\/li><\/ul>\n\n\n\n<div class=\"wp-block-image\"><figure class=\"aligncenter is-resized\"><img loading=\"lazy\" decoding=\"async\" src=\"http:\/\/lm-arc-trad.fr\/wp-content\/uploads\/2020\/08\/Resized_20200329_175959_0011-768x1024.jpg\" alt=\"Arc viking\" class=\"wp-image-81\" width=\"341\" height=\"455\" srcset=\"https:\/\/lm-arc-trad.fr\/wp-content\/uploads\/2020\/08\/Resized_20200329_175959_0011-768x1024.jpg 768w, https:\/\/lm-arc-trad.fr\/wp-content\/uploads\/2020\/08\/Resized_20200329_175959_0011-225x300.jpg 225w, https:\/\/lm-arc-trad.fr\/wp-content\/uploads\/2020\/08\/Resized_20200329_175959_0011.jpg 1080w\" sizes=\"auto, (max-width: 341px) 100vw, 341px\" \/><figcaption>Longbow Anglais en bois de fr\u00eane et poup\u00e9es en corne de buffle noire. Cet exemplaire est de faible puissance, 20 lbs \u00e0 28\u00a0\u00bb. Il est r\u00e9alis\u00e9 sur mesure.<\/figcaption><\/figure><\/div>\n\n\n\n<h2 class=\"wp-block-heading\">ARCS VIKINGS<\/h2>\n\n\n\n<p>Les arcs vikings LM NATURE ET BOIS sont fabriqu\u00e9s sur mesure avec du bois de fr\u00eane ou d&rsquo;orme. Parfait pour les amoureux de l&rsquo;histoire et des reconstitutions historiques!<\/p>\n\n\n\n<ul class=\"wp-block-gallery columns-3 is-cropped wp-block-gallery-4 is-layout-flex wp-block-gallery-is-layout-flex\"><li class=\"blocks-gallery-item\"><figure><img loading=\"lazy\" decoding=\"async\" width=\"720\" height=\"960\" src=\"https:\/\/lm-arc-trad.fr\/wp-content\/uploads\/2020\/10\/FB_IMG_1602250452054.jpg\" alt=\"\" data-id=\"328\" data-link=\"https:\/\/lm-arc-trad.fr\/?attachment_id=328\" class=\"wp-image-328\" srcset=\"https:\/\/lm-arc-trad.fr\/wp-content\/uploads\/2020\/10\/FB_IMG_1602250452054.jpg 720w, https:\/\/lm-arc-trad.fr\/wp-content\/uploads\/2020\/10\/FB_IMG_1602250452054-225x300.jpg 225w, https:\/\/lm-arc-trad.fr\/wp-content\/uploads\/2020\/10\/FB_IMG_1602250452054-45x60.jpg 45w\" sizes=\"auto, (max-width: 720px) 100vw, 720px\" \/><figcaption>Arc viking en bois d&rsquo;orme.<\/figcaption><\/figure><\/li><li class=\"blocks-gallery-item\"><figure><img loading=\"lazy\" decoding=\"async\" width=\"720\" height=\"960\" src=\"https:\/\/lm-arc-trad.fr\/wp-content\/uploads\/2020\/10\/FB_IMG_1602250432475.jpg\" alt=\"\" data-id=\"329\" data-link=\"https:\/\/lm-arc-trad.fr\/?attachment_id=329\" class=\"wp-image-329\" srcset=\"https:\/\/lm-arc-trad.fr\/wp-content\/uploads\/2020\/10\/FB_IMG_1602250432475.jpg 720w, https:\/\/lm-arc-trad.fr\/wp-content\/uploads\/2020\/10\/FB_IMG_1602250432475-225x300.jpg 225w, https:\/\/lm-arc-trad.fr\/wp-content\/uploads\/2020\/10\/FB_IMG_1602250432475-45x60.jpg 45w\" sizes=\"auto, (max-width: 720px) 100vw, 720px\" \/><figcaption>Arc viking fabriqu\u00e9 sur mesure.<\/figcaption><\/figure><\/li><li class=\"blocks-gallery-item\"><figure><img loading=\"lazy\" decoding=\"async\" width=\"720\" height=\"960\" src=\"https:\/\/lm-arc-trad.fr\/wp-content\/uploads\/2020\/10\/FB_IMG_1602250442188.jpg\" alt=\"\" data-id=\"330\" data-link=\"https:\/\/lm-arc-trad.fr\/?attachment_id=330\" class=\"wp-image-330\" srcset=\"https:\/\/lm-arc-trad.fr\/wp-content\/uploads\/2020\/10\/FB_IMG_1602250442188.jpg 720w, https:\/\/lm-arc-trad.fr\/wp-content\/uploads\/2020\/10\/FB_IMG_1602250442188-225x300.jpg 225w, https:\/\/lm-arc-trad.fr\/wp-content\/uploads\/2020\/10\/FB_IMG_1602250442188-45x60.jpg 45w\" sizes=\"auto, (max-width: 720px) 100vw, 720px\" \/><figcaption>Poign\u00e9e en cuir grav\u00e9e des corbeaux d&rsquo;Odin. <\/figcaption><\/figure><\/li><li class=\"blocks-gallery-item\"><figure><img loading=\"lazy\" decoding=\"async\" width=\"768\" height=\"1024\" src=\"https:\/\/lm-arc-trad.fr\/wp-content\/uploads\/2020\/10\/image0000001-768x1024.jpg\" alt=\"\" data-id=\"342\" data-link=\"https:\/\/lm-arc-trad.fr\/?attachment_id=342\" class=\"wp-image-342\" srcset=\"https:\/\/lm-arc-trad.fr\/wp-content\/uploads\/2020\/10\/image0000001-768x1024.jpg 768w, https:\/\/lm-arc-trad.fr\/wp-content\/uploads\/2020\/10\/image0000001-225x300.jpg 225w, https:\/\/lm-arc-trad.fr\/wp-content\/uploads\/2020\/10\/image0000001-45x60.jpg 45w, https:\/\/lm-arc-trad.fr\/wp-content\/uploads\/2020\/10\/image0000001.jpg 971w\" sizes=\"auto, (max-width: 768px) 100vw, 768px\" \/><figcaption>Arc viking <\/figcaption><\/figure><\/li><li class=\"blocks-gallery-item\"><figure><img loading=\"lazy\" decoding=\"async\" width=\"768\" height=\"1024\" src=\"https:\/\/lm-arc-trad.fr\/wp-content\/uploads\/2020\/10\/Av-768x1024.jpg\" alt=\"\" data-id=\"353\" data-link=\"https:\/\/lm-arc-trad.fr\/?attachment_id=353\" class=\"wp-image-353\" srcset=\"https:\/\/lm-arc-trad.fr\/wp-content\/uploads\/2020\/10\/Av-768x1024.jpg 768w, https:\/\/lm-arc-trad.fr\/wp-content\/uploads\/2020\/10\/Av-225x300.jpg 225w, https:\/\/lm-arc-trad.fr\/wp-content\/uploads\/2020\/10\/Av-45x60.jpg 45w, https:\/\/lm-arc-trad.fr\/wp-content\/uploads\/2020\/10\/Av.jpg 1374w\" sizes=\"auto, (max-width: 768px) 100vw, 768px\" \/><figcaption>Arc viking<\/figcaption><\/figure><\/li><li class=\"blocks-gallery-item\"><figure><img loading=\"lazy\" decoding=\"async\" width=\"768\" height=\"1024\" src=\"https:\/\/lm-arc-trad.fr\/wp-content\/uploads\/2020\/10\/image0000001-1-768x1024.jpg\" alt=\"\" data-id=\"354\" data-link=\"https:\/\/lm-arc-trad.fr\/?attachment_id=354\" class=\"wp-image-354\" srcset=\"https:\/\/lm-arc-trad.fr\/wp-content\/uploads\/2020\/10\/image0000001-1-768x1024.jpg 768w, https:\/\/lm-arc-trad.fr\/wp-content\/uploads\/2020\/10\/image0000001-1-225x300.jpg 225w, https:\/\/lm-arc-trad.fr\/wp-content\/uploads\/2020\/10\/image0000001-1-45x60.jpg 45w, https:\/\/lm-arc-trad.fr\/wp-content\/uploads\/2020\/10\/image0000001-1.jpg 971w\" sizes=\"auto, (max-width: 768px) 100vw, 768px\" \/><figcaption>Arc viking <\/figcaption><\/figure><\/li><\/ul>\n\n\n\n<h2 class=\"wp-block-heading\">ARCS POUR ENFANTS<\/h2>\n\n\n\n<p>Les arcs pour enfants sont fabriqu\u00e9s avec les m\u00eames mat\u00e9riaux que ceux utilis\u00e9s pour les adultes.  Les arcs sont en bambou et la poign\u00e9e en h\u00eatre ou fr\u00eane. Deux fl\u00e8ches avec encoches, adapt\u00e9es \u00e0 l&rsquo;arc, sont livr\u00e9es avec celui-ci : les f\u00fbts sont en epicea, les plumes sont des plumes de dindon teint\u00e9es.<\/p>\n\n\n\n<ul class=\"wp-block-gallery columns-3 is-cropped wp-block-gallery-5 is-layout-flex wp-block-gallery-is-layout-flex\"><li class=\"blocks-gallery-item\"><figure><img loading=\"lazy\" decoding=\"async\" width=\"768\" height=\"1024\" src=\"http:\/\/lm-arc-trad.fr\/wp-content\/uploads\/2020\/08\/Resized_20200219_162920-768x1024.jpg\" alt=\"Arc pour enfant en bois ip\u00e9, backing en fibre de verre, poign\u00e9e en cuir. Repose fl\u00e8che pour droitier ou gaucher. Fl\u00e8ches adapt\u00e9es \u00e0 l'arc avec embout blunt\" data-id=\"79\" class=\"wp-image-79\" srcset=\"https:\/\/lm-arc-trad.fr\/wp-content\/uploads\/2020\/08\/Resized_20200219_162920-768x1024.jpg 768w, https:\/\/lm-arc-trad.fr\/wp-content\/uploads\/2020\/08\/Resized_20200219_162920-225x300.jpg 225w, https:\/\/lm-arc-trad.fr\/wp-content\/uploads\/2020\/08\/Resized_20200219_162920.jpg 1080w\" sizes=\"auto, (max-width: 768px) 100vw, 768px\" \/><figcaption>Arc pour enfant avec  sans repose fl\u00e8che, pour droitier ou gaucher.  La  fl\u00e8che est soit mont\u00e9e avec un blunt, soit avec une pointe d&rsquo;initiation.<\/figcaption><\/figure><\/li><li class=\"blocks-gallery-item\"><figure><img loading=\"lazy\" decoding=\"async\" width=\"672\" height=\"1024\" src=\"https:\/\/lm-arc-trad.fr\/wp-content\/uploads\/2020\/10\/Arc-noir-bleu2-672x1024.jpg\" alt=\"\" data-id=\"266\" data-link=\"https:\/\/lm-arc-trad.fr\/?attachment_id=266\" class=\"wp-image-266\" srcset=\"https:\/\/lm-arc-trad.fr\/wp-content\/uploads\/2020\/10\/Arc-noir-bleu2-672x1024.jpg 672w, https:\/\/lm-arc-trad.fr\/wp-content\/uploads\/2020\/10\/Arc-noir-bleu2-197x300.jpg 197w, https:\/\/lm-arc-trad.fr\/wp-content\/uploads\/2020\/10\/Arc-noir-bleu2-768x1170.jpg 768w, https:\/\/lm-arc-trad.fr\/wp-content\/uploads\/2020\/10\/Arc-noir-bleu2-39x60.jpg 39w, https:\/\/lm-arc-trad.fr\/wp-content\/uploads\/2020\/10\/Arc-noir-bleu2.jpg 1203w\" sizes=\"auto, (max-width: 672px) 100vw, 672px\" \/><figcaption>Arc enfant en bambou <\/figcaption><\/figure><\/li><li class=\"blocks-gallery-item\"><figure><img loading=\"lazy\" decoding=\"async\" width=\"768\" height=\"1024\" src=\"https:\/\/lm-arc-trad.fr\/wp-content\/uploads\/2020\/10\/Arc-noir-bleu-768x1024.jpg\" alt=\"\" data-id=\"267\" data-link=\"https:\/\/lm-arc-trad.fr\/?attachment_id=267\" class=\"wp-image-267\" srcset=\"https:\/\/lm-arc-trad.fr\/wp-content\/uploads\/2020\/10\/Arc-noir-bleu-768x1024.jpg 768w, https:\/\/lm-arc-trad.fr\/wp-content\/uploads\/2020\/10\/Arc-noir-bleu-225x300.jpg 225w, https:\/\/lm-arc-trad.fr\/wp-content\/uploads\/2020\/10\/Arc-noir-bleu-45x60.jpg 45w, https:\/\/lm-arc-trad.fr\/wp-content\/uploads\/2020\/10\/Arc-noir-bleu.jpg 971w\" sizes=\"auto, (max-width: 768px) 100vw, 768px\" \/><figcaption>Arc enfant  en bambou<\/figcaption><\/figure><\/li><li class=\"blocks-gallery-item\"><figure><img loading=\"lazy\" decoding=\"async\" width=\"768\" height=\"1024\" src=\"https:\/\/lm-arc-trad.fr\/wp-content\/uploads\/2020\/10\/Arc-marr-vert3-768x1024.jpg\" alt=\"\" data-id=\"268\" data-link=\"https:\/\/lm-arc-trad.fr\/?attachment_id=268\" class=\"wp-image-268\" srcset=\"https:\/\/lm-arc-trad.fr\/wp-content\/uploads\/2020\/10\/Arc-marr-vert3-768x1024.jpg 768w, https:\/\/lm-arc-trad.fr\/wp-content\/uploads\/2020\/10\/Arc-marr-vert3-225x300.jpg 225w, https:\/\/lm-arc-trad.fr\/wp-content\/uploads\/2020\/10\/Arc-marr-vert3-45x60.jpg 45w, https:\/\/lm-arc-trad.fr\/wp-content\/uploads\/2020\/10\/Arc-marr-vert3.jpg 1374w\" sizes=\"auto, (max-width: 768px) 100vw, 768px\" \/><figcaption>Arc enfant avec repose fl\u00e8ches <\/figcaption><\/figure><\/li><li class=\"blocks-gallery-item\"><figure><img loading=\"lazy\" decoding=\"async\" width=\"768\" height=\"1024\" src=\"https:\/\/lm-arc-trad.fr\/wp-content\/uploads\/2020\/10\/Arc-marr-vert2-768x1024.jpg\" alt=\"\" data-id=\"269\" data-link=\"https:\/\/lm-arc-trad.fr\/?attachment_id=269\" class=\"wp-image-269\" srcset=\"https:\/\/lm-arc-trad.fr\/wp-content\/uploads\/2020\/10\/Arc-marr-vert2-768x1024.jpg 768w, https:\/\/lm-arc-trad.fr\/wp-content\/uploads\/2020\/10\/Arc-marr-vert2-225x300.jpg 225w, https:\/\/lm-arc-trad.fr\/wp-content\/uploads\/2020\/10\/Arc-marr-vert2-45x60.jpg 45w, https:\/\/lm-arc-trad.fr\/wp-content\/uploads\/2020\/10\/Arc-marr-vert2.jpg 1374w\" sizes=\"auto, (max-width: 768px) 100vw, 768px\" \/><figcaption>Arc enfant en bambou <\/figcaption><\/figure><\/li><li class=\"blocks-gallery-item\"><figure><img loading=\"lazy\" decoding=\"async\" width=\"590\" height=\"1024\" src=\"https:\/\/lm-arc-trad.fr\/wp-content\/uploads\/2020\/10\/Arc-marr-vert-590x1024.jpg\" alt=\"\" data-id=\"270\" data-link=\"https:\/\/lm-arc-trad.fr\/?attachment_id=270\" class=\"wp-image-270\" srcset=\"https:\/\/lm-arc-trad.fr\/wp-content\/uploads\/2020\/10\/Arc-marr-vert-590x1024.jpg 590w, https:\/\/lm-arc-trad.fr\/wp-content\/uploads\/2020\/10\/Arc-marr-vert-173x300.jpg 173w, https:\/\/lm-arc-trad.fr\/wp-content\/uploads\/2020\/10\/Arc-marr-vert-768x1334.jpg 768w, https:\/\/lm-arc-trad.fr\/wp-content\/uploads\/2020\/10\/Arc-marr-vert-35x60.jpg 35w, https:\/\/lm-arc-trad.fr\/wp-content\/uploads\/2020\/10\/Arc-marr-vert.jpg 1055w\" sizes=\"auto, (max-width: 590px) 100vw, 590px\" \/><figcaption>Arc et fl\u00e8ches <\/figcaption><\/figure><\/li><\/ul>\n\n\n\n<h2 class=\"wp-block-heading\">ARCS POUR DEBUTANT<\/h2>\n","protected":false},"excerpt":{"rendered":"<p>Les arcs LM Nature &#038; Bois sont fabriqu\u00e9s sur mesure, \u00e0 la taille et la puissance de l&rsquo;archer.<\/p>\n","protected":false},"author":1,"featured_media":0,"parent":0,"menu_order":0,"comment_status":"closed","ping_status":"closed","template":"","meta":{"footnotes":""},"class_list":["post-44","page","type-page","status-publish","hentry"],"_links":{"self":[{"href":"https:\/\/lm-arc-trad.fr\/index.php?rest_route=\/wp\/v2\/pages\/44","targetHints":{"allow":["GET"]}}],"collection":[{"href":"https:\/\/lm-arc-trad.fr\/index.php?rest_route=\/wp\/v2\/pages"}],"about":[{"href":"https:\/\/lm-arc-trad.fr\/index.php?rest_route=\/wp\/v2\/types\/page"}],"author":[{"embeddable":true,"href":"https:\/\/lm-arc-trad.fr\/index.php?rest_route=\/wp\/v2\/users\/1"}],"replies":[{"embeddable":true,"href":"https:\/\/lm-arc-trad.fr\/index.php?rest_route=%2Fwp%2Fv2%2Fcomments&post=44"}],"version-history":[{"count":38,"href":"https:\/\/lm-arc-trad.fr\/index.php?rest_route=\/wp\/v2\/pages\/44\/revisions"}],"predecessor-version":[{"id":495,"href":"https:\/\/lm-arc-trad.fr\/index.php?rest_route=\/wp\/v2\/pages\/44\/revisions\/495"}],"wp:attachment":[{"href":"https:\/\/lm-arc-trad.fr\/index.php?rest_route=%2Fwp%2Fv2%2Fmedia&parent=44"}],"curies":[{"name":"wp","href":"https:\/\/api.w.org\/{rel}","templated":true}]}}