{"id":441,"date":"2020-10-13T19:44:48","date_gmt":"2020-10-13T17:44:48","guid":{"rendered":"https:\/\/lm-arc-trad.fr\/?page_id=441"},"modified":"2025-11-30T16:17:58","modified_gmt":"2025-11-30T15:17:58","slug":"gants-de-protection-pour-main-darc","status":"publish","type":"page","link":"https:\/\/lm-arc-trad.fr\/?page_id=441","title":{"rendered":"GANTS DE PROTECTION POUR MAIN D&rsquo;ARC"},"content":{"rendered":"\n<p>Gant en cuir pour une protection optimale de votre main d&rsquo;arc !<\/p>\n\n\n\n<h3 class=\"wp-block-heading\"><strong>Gant d\u2019Archer \u2013 Main d\u2019Arc <\/strong><\/h3>\n\n\n\n<p>Ce gant d\u2019archer est con\u00e7u pour prot\u00e9ger le <strong>dessus de la main d\u2019arc<\/strong> lorsque votre longbow ou recurve ne poss\u00e8de pas de repose-fl\u00e8che. Id\u00e9al pour les tireurs traditionnels, il offre une protection efficace tout en pr\u00e9servant une excellente sensation de tir.<\/p>\n\n\n\n<p>Fabriqu\u00e9 en <strong>cuir de veau souple<\/strong>, il est <strong>l\u00e9ger, confortable<\/strong> et \u00e9pouse parfaitement la main pour un geste naturel et pr\u00e9cis. Une protection discr\u00e8te mais indispensable pour un tir fluide et s\u00e9curis\u00e9.<\/p>\n\n\n\n<hr class=\"wp-block-separator has-alpha-channel-opacity\"\/>\n\n\n\n<h3 class=\"wp-block-heading\"><strong>Caract\u00e9ristiques<\/strong><\/h3>\n\n\n\n<ul class=\"wp-block-list\">\n<li>Utilisation : <strong>main d\u2019arc<\/strong> (pour archer <strong>droitier<\/strong> \u2192 main gauche)<\/li>\n\n\n\n<li>Mati\u00e8re : <strong>cuir de veau<\/strong>, souple et agr\u00e9able \u00e0 porter<\/li>\n\n\n\n<li>Protection du dessus de la main sans perte de sensations<\/li>\n\n\n\n<li>Fabrication artisanale<\/li>\n<\/ul>\n\n\n\n<hr class=\"wp-block-separator has-alpha-channel-opacity\"\/>\n\n\n\n<h3 class=\"wp-block-heading\"><strong>Couleurs disponibles<\/strong><\/h3>\n\n\n\n<ul class=\"wp-block-list\">\n<li><strong>Nubuck marron<\/strong><\/li>\n\n\n\n<li><strong>Nubuck noir<\/strong><\/li>\n\n\n\n<li><strong>Cuir marron<\/strong><\/li>\n\n\n\n<li><strong>Cuir noir<\/strong><\/li>\n<\/ul>\n\n\n\n<p>Diff\u00e9rentes couleurs selon arrivages de cuir et tailles disponibles.<\/p>\n\n\n\n<p><a href=\"https:\/\/www.youtube.com\/watch?v=ZOqo-YNNcU8\">Le gant de protection pour main d&rsquo;arc. &#8211; YouTube<\/a><\/p>\n\n\n\n<p>Pour droitier ou gaucher. <\/p>\n\n\n\n<p><a href=\"https:\/\/www.etsy.com\/fr\/shop\/LMnatureetbois?section_id=31367478\">L.M. NATURE ET BOIS par LMnatureetbois sur Etsy<\/a><\/p>\n\n\n\n<p>Tarif: 27\u20ac<\/p>\n\n\n\n<figure class=\"wp-block-image size-large\"><img loading=\"lazy\" decoding=\"async\" width=\"576\" height=\"1024\" src=\"https:\/\/lm-arc-trad.fr\/wp-content\/uploads\/2023\/10\/20231008_160726-576x1024.jpg\" alt=\"\" class=\"wp-image-1802\" srcset=\"https:\/\/lm-arc-trad.fr\/wp-content\/uploads\/2023\/10\/20231008_160726-576x1024.jpg 576w, https:\/\/lm-arc-trad.fr\/wp-content\/uploads\/2023\/10\/20231008_160726-169x300.jpg 169w, https:\/\/lm-arc-trad.fr\/wp-content\/uploads\/2023\/10\/20231008_160726-768x1365.jpg 768w, https:\/\/lm-arc-trad.fr\/wp-content\/uploads\/2023\/10\/20231008_160726-864x1536.jpg 864w, https:\/\/lm-arc-trad.fr\/wp-content\/uploads\/2023\/10\/20231008_160726-1152x2048.jpg 1152w, https:\/\/lm-arc-trad.fr\/wp-content\/uploads\/2023\/10\/20231008_160726-34x60.jpg 34w, https:\/\/lm-arc-trad.fr\/wp-content\/uploads\/2023\/10\/20231008_160726-scaled.jpg 1440w\" sizes=\"auto, (max-width: 576px) 100vw, 576px\" \/><figcaption class=\"wp-element-caption\">gant en cuir de main d\u2019arc, pour droitier<\/figcaption><\/figure>\n\n\n\n<figure class=\"wp-block-image size-large\"><img loading=\"lazy\" decoding=\"async\" width=\"1024\" height=\"576\" src=\"https:\/\/lm-arc-trad.fr\/wp-content\/uploads\/2023\/10\/20231011_153339-1024x576.jpg\" alt=\"\" class=\"wp-image-1801\" srcset=\"https:\/\/lm-arc-trad.fr\/wp-content\/uploads\/2023\/10\/20231011_153339-1024x576.jpg 1024w, https:\/\/lm-arc-trad.fr\/wp-content\/uploads\/2023\/10\/20231011_153339-300x169.jpg 300w, https:\/\/lm-arc-trad.fr\/wp-content\/uploads\/2023\/10\/20231011_153339-768x432.jpg 768w, https:\/\/lm-arc-trad.fr\/wp-content\/uploads\/2023\/10\/20231011_153339-1536x864.jpg 1536w, https:\/\/lm-arc-trad.fr\/wp-content\/uploads\/2023\/10\/20231011_153339-2048x1152.jpg 2048w, https:\/\/lm-arc-trad.fr\/wp-content\/uploads\/2023\/10\/20231011_153339-107x60.jpg 107w\" sizes=\"auto, (max-width: 1024px) 100vw, 1024px\" \/><figcaption class=\"wp-element-caption\">gant main d\u2019arc, pour gaucher<\/figcaption><\/figure>\n\n\n\n<figure class=\"wp-block-gallery has-nested-images columns-default is-cropped wp-block-gallery-1 is-layout-flex wp-block-gallery-is-layout-flex\">\n<figure class=\"wp-block-image size-large\"><img loading=\"lazy\" decoding=\"async\" width=\"1024\" height=\"768\" data-id=\"380\" src=\"https:\/\/lm-arc-trad.fr\/wp-content\/uploads\/2020\/10\/Gant-1024x768.jpg\" alt=\"\" class=\"wp-image-380\" srcset=\"https:\/\/lm-arc-trad.fr\/wp-content\/uploads\/2020\/10\/Gant-1024x768.jpg 1024w, https:\/\/lm-arc-trad.fr\/wp-content\/uploads\/2020\/10\/Gant-300x225.jpg 300w, https:\/\/lm-arc-trad.fr\/wp-content\/uploads\/2020\/10\/Gant-768x576.jpg 768w, https:\/\/lm-arc-trad.fr\/wp-content\/uploads\/2020\/10\/Gant-80x60.jpg 80w, https:\/\/lm-arc-trad.fr\/wp-content\/uploads\/2020\/10\/Gant.jpg 1832w\" sizes=\"auto, (max-width: 1024px) 100vw, 1024px\" \/><figcaption class=\"wp-element-caption\">Gant de protection en cuir <\/figcaption><\/figure>\n\n\n\n<figure class=\"wp-block-image size-large\"><img loading=\"lazy\" decoding=\"async\" width=\"1024\" height=\"768\" data-id=\"376\" src=\"https:\/\/lm-arc-trad.fr\/wp-content\/uploads\/2020\/10\/Gants-1024x768.jpg\" alt=\"\" class=\"wp-image-376\" srcset=\"https:\/\/lm-arc-trad.fr\/wp-content\/uploads\/2020\/10\/Gants-1024x768.jpg 1024w, https:\/\/lm-arc-trad.fr\/wp-content\/uploads\/2020\/10\/Gants-300x225.jpg 300w, https:\/\/lm-arc-trad.fr\/wp-content\/uploads\/2020\/10\/Gants-768x576.jpg 768w, https:\/\/lm-arc-trad.fr\/wp-content\/uploads\/2020\/10\/Gants-80x60.jpg 80w, https:\/\/lm-arc-trad.fr\/wp-content\/uploads\/2020\/10\/Gants.jpg 1832w\" sizes=\"auto, (max-width: 1024px) 100vw, 1024px\" \/><figcaption class=\"wp-element-caption\">Gant en cuir repose fl\u00e8ches <\/figcaption><\/figure>\n\n\n\n<figure class=\"wp-block-image size-large\"><img loading=\"lazy\" decoding=\"async\" width=\"1024\" height=\"768\" data-id=\"370\" src=\"https:\/\/lm-arc-trad.fr\/wp-content\/uploads\/2020\/10\/image0000001-2-1024x768.jpg\" alt=\"\" class=\"wp-image-370\" srcset=\"https:\/\/lm-arc-trad.fr\/wp-content\/uploads\/2020\/10\/image0000001-2-1024x768.jpg 1024w, https:\/\/lm-arc-trad.fr\/wp-content\/uploads\/2020\/10\/image0000001-2-300x225.jpg 300w, https:\/\/lm-arc-trad.fr\/wp-content\/uploads\/2020\/10\/image0000001-2-768x576.jpg 768w, https:\/\/lm-arc-trad.fr\/wp-content\/uploads\/2020\/10\/image0000001-2-80x60.jpg 80w, https:\/\/lm-arc-trad.fr\/wp-content\/uploads\/2020\/10\/image0000001-2.jpg 1832w\" sizes=\"auto, (max-width: 1024px) 100vw, 1024px\" \/><figcaption class=\"wp-element-caption\">Gant de protection en cuir <\/figcaption><\/figure>\n\n\n\n<figure class=\"wp-block-image size-large\"><img loading=\"lazy\" decoding=\"async\" width=\"493\" height=\"295\" data-id=\"350\" src=\"https:\/\/lm-arc-trad.fr\/wp-content\/uploads\/2020\/10\/20201009_162414.jpg\" alt=\"\" class=\"wp-image-350\" srcset=\"https:\/\/lm-arc-trad.fr\/wp-content\/uploads\/2020\/10\/20201009_162414.jpg 493w, https:\/\/lm-arc-trad.fr\/wp-content\/uploads\/2020\/10\/20201009_162414-300x180.jpg 300w, https:\/\/lm-arc-trad.fr\/wp-content\/uploads\/2020\/10\/20201009_162414-100x60.jpg 100w\" sizes=\"auto, (max-width: 493px) 100vw, 493px\" \/><figcaption class=\"wp-element-caption\">Gant de protection en cuir <\/figcaption><\/figure>\n<\/figure>\n\n\n\n<figure class=\"wp-block-gallery has-nested-images columns-default is-cropped wp-block-gallery-2 is-layout-flex wp-block-gallery-is-layout-flex\">\n<figure class=\"wp-block-image size-large\"><img loading=\"lazy\" decoding=\"async\" width=\"576\" height=\"1024\" data-id=\"1249\" src=\"https:\/\/lm-arc-trad.fr\/wp-content\/uploads\/2020\/11\/1606062595862606-576x1024.jpg\" alt=\"\" class=\"wp-image-1249\" srcset=\"https:\/\/lm-arc-trad.fr\/wp-content\/uploads\/2020\/11\/1606062595862606-576x1024.jpg 576w, https:\/\/lm-arc-trad.fr\/wp-content\/uploads\/2020\/11\/1606062595862606-169x300.jpg 169w, https:\/\/lm-arc-trad.fr\/wp-content\/uploads\/2020\/11\/1606062595862606-768x1365.jpg 768w, https:\/\/lm-arc-trad.fr\/wp-content\/uploads\/2020\/11\/1606062595862606-864x1536.jpg 864w, https:\/\/lm-arc-trad.fr\/wp-content\/uploads\/2020\/11\/1606062595862606-1152x2048.jpg 1152w, https:\/\/lm-arc-trad.fr\/wp-content\/uploads\/2020\/11\/1606062595862606-34x60.jpg 34w, https:\/\/lm-arc-trad.fr\/wp-content\/uploads\/2020\/11\/1606062595862606-scaled.jpg 1440w\" sizes=\"auto, (max-width: 576px) 100vw, 576px\" \/><\/figure>\n\n\n\n<figure class=\"wp-block-image size-large\"><img loading=\"lazy\" decoding=\"async\" width=\"576\" height=\"1024\" data-id=\"1251\" src=\"https:\/\/lm-arc-trad.fr\/wp-content\/uploads\/2020\/11\/1606063607569752-576x1024.jpg\" alt=\"\" class=\"wp-image-1251\" srcset=\"https:\/\/lm-arc-trad.fr\/wp-content\/uploads\/2020\/11\/1606063607569752-576x1024.jpg 576w, https:\/\/lm-arc-trad.fr\/wp-content\/uploads\/2020\/11\/1606063607569752-169x300.jpg 169w, https:\/\/lm-arc-trad.fr\/wp-content\/uploads\/2020\/11\/1606063607569752-768x1365.jpg 768w, https:\/\/lm-arc-trad.fr\/wp-content\/uploads\/2020\/11\/1606063607569752-864x1536.jpg 864w, https:\/\/lm-arc-trad.fr\/wp-content\/uploads\/2020\/11\/1606063607569752-1152x2048.jpg 1152w, https:\/\/lm-arc-trad.fr\/wp-content\/uploads\/2020\/11\/1606063607569752-34x60.jpg 34w, https:\/\/lm-arc-trad.fr\/wp-content\/uploads\/2020\/11\/1606063607569752-scaled.jpg 1440w\" sizes=\"auto, (max-width: 576px) 100vw, 576px\" \/><\/figure>\n\n\n\n<figure class=\"wp-block-image size-large\"><img loading=\"lazy\" decoding=\"async\" width=\"576\" height=\"1024\" data-id=\"1252\" src=\"https:\/\/lm-arc-trad.fr\/wp-content\/uploads\/2020\/11\/1606063399453790-576x1024.jpg\" alt=\"\" class=\"wp-image-1252\" srcset=\"https:\/\/lm-arc-trad.fr\/wp-content\/uploads\/2020\/11\/1606063399453790-576x1024.jpg 576w, https:\/\/lm-arc-trad.fr\/wp-content\/uploads\/2020\/11\/1606063399453790-169x300.jpg 169w, https:\/\/lm-arc-trad.fr\/wp-content\/uploads\/2020\/11\/1606063399453790-768x1365.jpg 768w, https:\/\/lm-arc-trad.fr\/wp-content\/uploads\/2020\/11\/1606063399453790-864x1536.jpg 864w, https:\/\/lm-arc-trad.fr\/wp-content\/uploads\/2020\/11\/1606063399453790-1152x2048.jpg 1152w, https:\/\/lm-arc-trad.fr\/wp-content\/uploads\/2020\/11\/1606063399453790-34x60.jpg 34w, https:\/\/lm-arc-trad.fr\/wp-content\/uploads\/2020\/11\/1606063399453790-scaled.jpg 1440w\" sizes=\"auto, (max-width: 576px) 100vw, 576px\" \/><\/figure>\n<\/figure>\n","protected":false},"excerpt":{"rendered":"<p>Gant en cuir pour une protection optimale de votre main d&rsquo;arc ! Gant d\u2019Archer \u2013 Main d\u2019Arc Ce gant d\u2019archer est con\u00e7u pour prot\u00e9ger le dessus de la main d\u2019arc lorsque votre longbow ou recurve ne poss\u00e8de pas de repose-fl\u00e8che. Id\u00e9al pour les tireurs traditionnels, il offre une protection efficace tout en pr\u00e9servant une excellente &hellip; <\/p>\n","protected":false},"author":1,"featured_media":0,"parent":0,"menu_order":0,"comment_status":"closed","ping_status":"closed","template":"","meta":{"footnotes":""},"class_list":["post-441","page","type-page","status-publish","hentry"],"_links":{"self":[{"href":"https:\/\/lm-arc-trad.fr\/index.php?rest_route=\/wp\/v2\/pages\/441","targetHints":{"allow":["GET"]}}],"collection":[{"href":"https:\/\/lm-arc-trad.fr\/index.php?rest_route=\/wp\/v2\/pages"}],"about":[{"href":"https:\/\/lm-arc-trad.fr\/index.php?rest_route=\/wp\/v2\/types\/page"}],"author":[{"embeddable":true,"href":"https:\/\/lm-arc-trad.fr\/index.php?rest_route=\/wp\/v2\/users\/1"}],"replies":[{"embeddable":true,"href":"https:\/\/lm-arc-trad.fr\/index.php?rest_route=%2Fwp%2Fv2%2Fcomments&post=441"}],"version-history":[{"count":11,"href":"https:\/\/lm-arc-trad.fr\/index.php?rest_route=\/wp\/v2\/pages\/441\/revisions"}],"predecessor-version":[{"id":1904,"href":"https:\/\/lm-arc-trad.fr\/index.php?rest_route=\/wp\/v2\/pages\/441\/revisions\/1904"}],"wp:attachment":[{"href":"https:\/\/lm-arc-trad.fr\/index.php?rest_route=%2Fwp%2Fv2%2Fmedia&parent=441"}],"curies":[{"name":"wp","href":"https:\/\/api.w.org\/{rel}","templated":true}]}}